{"id":2405,"date":"2022-02-18T10:49:47","date_gmt":"2022-02-18T10:49:47","guid":{"rendered":"https:\/\/lssteel.lv\/?page_id=2405"},"modified":"2022-02-18T12:51:50","modified_gmt":"2022-02-18T12:51:50","slug":"vacancies","status":"publish","type":"page","link":"https:\/\/lssteel.lv\/lv\/vacancies\/","title":{"rendered":"Vakances"},"content":{"rendered":"<div data-elementor-type=\"wp-page\" data-elementor-id=\"2405\" class=\"elementor elementor-2405\" data-elementor-post-type=\"page\">\n\t\t\t\t\t\t<section data-particle_enable=\"false\" data-particle-mobile-disabled=\"false\" class=\"elementor-section elementor-top-section elementor-element elementor-element-648ca2a1 elementor-section-boxed elementor-section-height-default elementor-section-height-default\" data-id=\"648ca2a1\" data-element_type=\"section\">\n\t\t\t\t\t\t<div class=\"elementor-container elementor-column-gap-default\">\n\t\t\t\t\t<div class=\"elementor-column elementor-col-100 elementor-top-column elementor-element elementor-element-2b5f3c5\" data-id=\"2b5f3c5\" data-element_type=\"column\">\n\t\t\t<div class=\"elementor-widget-wrap elementor-element-populated\">\n\t\t\t\t\t\t<div class=\"elementor-element elementor-element-5640ef26 elementor-align-center elementor-widget elementor-widget-breadcrumbs\" data-id=\"5640ef26\" data-element_type=\"widget\" data-widget_type=\"breadcrumbs.default\">\n\t\t\t\t<div class=\"elementor-widget-container\">\n\t\t\t<nav aria-label=\"ce\u013c\u0161\" class=\"rank-math-breadcrumb\"><p><span class=\"last\">S\u0101kums<\/span><\/p><\/nav>\t\t<\/div>\n\t\t\t\t<\/div>\n\t\t\t\t\t<\/div>\n\t\t<\/div>\n\t\t\t\t\t<\/div>\n\t\t<\/section>\n\t\t\t\t<section data-particle_enable=\"false\" data-particle-mobile-disabled=\"false\" class=\"elementor-section elementor-top-section elementor-element elementor-element-33377fd elementor-section-full_width elementor-section-height-default elementor-section-height-default\" data-id=\"33377fd\" data-element_type=\"section\">\n\t\t\t\t\t\t<div class=\"elementor-container elementor-column-gap-default\">\n\t\t\t\t\t<div class=\"elementor-column elementor-col-100 elementor-top-column elementor-element elementor-element-bc34e95\" data-id=\"bc34e95\" data-element_type=\"column\">\n\t\t\t<div class=\"elementor-widget-wrap elementor-element-populated\">\n\t\t\t\t\t\t<section data-particle_enable=\"false\" data-particle-mobile-disabled=\"false\" class=\"elementor-section elementor-inner-section elementor-element elementor-element-e6c9076 elementor-section-boxed elementor-section-height-default elementor-section-height-default\" data-id=\"e6c9076\" data-element_type=\"section\">\n\t\t\t\t\t\t<div class=\"elementor-container elementor-column-gap-default\">\n\t\t\t\t\t<div class=\"elementor-column elementor-col-100 elementor-inner-column elementor-element elementor-element-b1731cb\" data-id=\"b1731cb\" data-element_type=\"column\">\n\t\t\t<div class=\"elementor-widget-wrap elementor-element-populated\">\n\t\t\t\t\t\t<div class=\"elementor-element elementor-element-03e3a30 elementor-widget elementor-widget-heading\" data-id=\"03e3a30\" data-element_type=\"widget\" data-widget_type=\"heading.default\">\n\t\t\t\t<div class=\"elementor-widget-container\">\n\t\t\t<h2 class=\"elementor-heading-title elementor-size-default\">Vakances<\/h2>\t\t<\/div>\n\t\t\t\t<\/div>\n\t\t\t\t<div class=\"elementor-element elementor-element-c0f0300 elementor-widget elementor-widget-text-editor\" data-id=\"c0f0300\" data-element_type=\"widget\" data-widget_type=\"text-editor.default\">\n\t\t\t\t<div class=\"elementor-widget-container\">\n\t\t\t\t\t\t\t<p>LS STEEL nep\u0101rtraukti un m\u0113r\u0137tiec\u012bgi att\u012bst\u0101s, t\u0101p\u0113c mums bie\u017ei vien ir vajadz\u012bgi jauni speci\u0101listi, lai papla\u0161in\u0101tu m\u016bsu kop\u0113j\u0101s iesp\u0113jas.<\/p>\t\t\t\t\t\t<\/div>\n\t\t\t\t<\/div>\n\t\t\t\t\t<\/div>\n\t\t<\/div>\n\t\t\t\t\t<\/div>\n\t\t<\/section>\n\t\t\t\t\t<\/div>\n\t\t<\/div>\n\t\t\t\t\t<\/div>\n\t\t<\/section>\n\t\t\t\t<section data-particle_enable=\"false\" data-particle-mobile-disabled=\"false\" data-dce-background-overlay-image-url=\"https:\/\/lssteel.lv\/wp-content\/uploads\/2021\/10\/Ornament-blue-left.webp\" class=\"elementor-section elementor-top-section elementor-element elementor-element-f75a7bb elementor-section-boxed elementor-section-height-default elementor-section-height-default\" data-id=\"f75a7bb\" data-element_type=\"section\" data-settings=\"{&quot;shape_divider_top&quot;:&quot;tilt&quot;,&quot;shape_divider_bottom&quot;:&quot;tilt&quot;}\">\n\t\t\t\t\t\t\t<div class=\"elementor-background-overlay\"><\/div>\n\t\t\t\t\t\t<div class=\"elementor-shape elementor-shape-top\" data-negative=\"false\">\n\t\t\t<svg xmlns=\"http:\/\/www.w3.org\/2000\/svg\" viewbox=\"0 0 1000 100\" preserveaspectratio=\"none\">\n\t<path class=\"elementor-shape-fill\" d=\"M0,6V0h1000v100L0,6z\"\/>\n<\/svg>\t\t<\/div>\n\t\t\t\t<div class=\"elementor-shape elementor-shape-bottom\" data-negative=\"false\">\n\t\t\t<svg xmlns=\"http:\/\/www.w3.org\/2000\/svg\" viewbox=\"0 0 1000 100\" preserveaspectratio=\"none\">\n\t<path class=\"elementor-shape-fill\" d=\"M0,6V0h1000v100L0,6z\"\/>\n<\/svg>\t\t<\/div>\n\t\t\t\t\t<div class=\"elementor-container elementor-column-gap-default\">\n\t\t\t\t\t<div class=\"elementor-column elementor-col-100 elementor-top-column elementor-element elementor-element-a6e7c8c\" data-id=\"a6e7c8c\" data-element_type=\"column\">\n\t\t\t<div class=\"elementor-widget-wrap elementor-element-populated\">\n\t\t\t\t\t\t<div class=\"elementor-element elementor-element-0253277 elementor-widget elementor-widget-heading\" data-id=\"0253277\" data-element_type=\"widget\" data-widget_type=\"heading.default\">\n\t\t\t\t<div class=\"elementor-widget-container\">\n\t\t\t<h5 class=\"elementor-heading-title elementor-size-default\">\nPa\u0161laik ir pieejamas \u0161\u0101das vakances. <\/h5>\t\t<\/div>\n\t\t\t\t<\/div>\n\t\t\t\t<div class=\"elementor-element elementor-element-53d04c8 dce-posts-layout-template dce-col-4 dce-col-tablet-3 dce-col-mobile-1 elementor-widget elementor-widget-dce-dynamicposts-v2\" data-id=\"53d04c8\" data-element_type=\"widget\" data-settings=\"{&quot;style_items&quot;:&quot;template&quot;,&quot;grid_grid_type&quot;:&quot;flex&quot;}\" data-widget_type=\"dce-dynamicposts-v2.grid\">\n\t\t\t\t<div class=\"elementor-widget-container\">\n\t\t\t\t\t<div class=\"dce-posts-container dce-posts\">\n\t\t\t<div class=\"dce-posts-fallback\">\n\t\t\t\t<p><p class=\" translation-block\">Pa\u0161laik nav nevienas atv\u0113rtas poz\u012bcijas.<br>Bet m\u0113s b\u016btu pateic\u012bgi, ja j\u016bs atst\u0101tu savu pieteikumu zem\u0101k eso\u0161aj\u0101 form\u0101.<\/p><\/p>\t\t\t<\/div>\n\t\t<\/div>\n\t\t\t\t<\/div>\n\t\t\t\t<\/div>\n\t\t\t\t\t<\/div>\n\t\t<\/div>\n\t\t\t\t\t<\/div>\n\t\t<\/section>\n\t\t\t\t<section data-particle_enable=\"false\" data-particle-mobile-disabled=\"false\" class=\"elementor-section elementor-top-section elementor-element elementor-element-779faa2 elementor-section-boxed elementor-section-height-default elementor-section-height-default\" data-id=\"779faa2\" data-element_type=\"section\">\n\t\t\t\t\t\t<div class=\"elementor-container elementor-column-gap-default\">\n\t\t\t\t\t<div class=\"elementor-column elementor-col-100 elementor-top-column elementor-element elementor-element-0a0d0a8\" data-id=\"0a0d0a8\" data-element_type=\"column\">\n\t\t\t<div class=\"elementor-widget-wrap elementor-element-populated\">\n\t\t\t\t\t\t<div class=\"elementor-element elementor-element-54f4362 elementor-widget elementor-widget-heading\" data-id=\"54f4362\" data-element_type=\"widget\" data-widget_type=\"heading.default\">\n\t\t\t\t<div class=\"elementor-widget-container\">\n\t\t\t<h2 class=\"elementor-heading-title elementor-size-default\">Iesnieg\u0161anas forma<\/h2>\t\t<\/div>\n\t\t\t\t<\/div>\n\t\t\t\t<div class=\"elementor-element elementor-element-3dc4eae elementor-widget elementor-widget-text-editor\" data-id=\"3dc4eae\" data-element_type=\"widget\" data-widget_type=\"text-editor.default\">\n\t\t\t\t<div class=\"elementor-widget-container\">\n\t\t\t\t\t\t\t<p class=\" translation-block\">M\u0113s vienm\u0113r esam ieinteres\u0113ti sa\u0146emt CV no potenci\u0101lajiem darbiniekiem. <br>Aizpildiet zem\u0101k eso\u0161o formu, un tad j\u016bs b\u016bsiet m\u016bsu datub\u0101z\u0113. Ar jums sazin\u0101sies, tikl\u012bdz mums b\u016bs nepiecie\u0161ams j\u016bsu jomas speci\u0101lists.<\/p>\t\t\t\t\t\t<\/div>\n\t\t\t\t<\/div>\n\t\t\t\t<div class=\"elementor-element elementor-element-3ce9e80 elementor-button-align-stretch elementor-widget elementor-widget-form\" data-id=\"3ce9e80\" data-element_type=\"widget\" data-settings=\"{&quot;step_next_label&quot;:&quot;Next&quot;,&quot;step_previous_label&quot;:&quot;Previous&quot;,&quot;dce_confirm_dialog_enabled&quot;:&quot;yes&quot;,&quot;dce_confirm_dialog_title&quot;:&quot;Confirm&quot;,&quot;dce_confirm_dialog_content&quot;:&quot;Hello {{ form.name }}, please confirm submitting your details. At the same time you agree to your data being stored and processed in our database.&quot;,&quot;button_width&quot;:&quot;100&quot;,&quot;dce_confirm_dialog_width&quot;:{&quot;unit&quot;:&quot;%&quot;,&quot;size&quot;:&quot;30&quot;,&quot;sizes&quot;:[]},&quot;dce_confirm_dialog_width_tablet&quot;:{&quot;unit&quot;:&quot;px&quot;,&quot;size&quot;:&quot;&quot;,&quot;sizes&quot;:[]},&quot;dce_confirm_dialog_width_mobile&quot;:{&quot;unit&quot;:&quot;px&quot;,&quot;size&quot;:&quot;&quot;,&quot;sizes&quot;:[]},&quot;dce_confirm_dialog_theme&quot;:&quot;light&quot;,&quot;dce_confirm_dialog_confirm_button_text&quot;:&quot;Confirm&quot;,&quot;dce_confirm_dialog_confirm_button_color&quot;:&quot;default&quot;,&quot;dce_confirm_dialog_cancel_button_text&quot;:&quot;Cancel&quot;,&quot;dce_confirm_dialog_cancel_button_color&quot;:&quot;default&quot;,&quot;step_type&quot;:&quot;number_text&quot;,&quot;step_icon_shape&quot;:&quot;circle&quot;,&quot;label_icon_size&quot;:{&quot;unit&quot;:&quot;px&quot;,&quot;size&quot;:&quot;&quot;,&quot;sizes&quot;:[]},&quot;field_icon_size&quot;:{&quot;unit&quot;:&quot;px&quot;,&quot;size&quot;:&quot;&quot;,&quot;sizes&quot;:[]}}\" data-widget_type=\"form.default\">\n\t\t\t\t<div class=\"elementor-widget-container\">\n\t\t\t\t\t<form class=\"elementor-form\" method=\"post\" name=\"New Form\" action=\"\">\n\t\t\t<input type=\"hidden\" name=\"post_id\" value=\"2405\"\/>\n\t\t\t<input type=\"hidden\" name=\"form_id\" value=\"3ce9e80\"\/>\n\t\t\t<input type=\"hidden\" name=\"referer_title\" value=\"\" \/>\n\n\t\t\t\n\t\t\t<div class=\"elementor-form-fields-wrapper elementor-labels-above\">\n\t\t\t\t\t\t\t\t<div class=\"elementor-field-type-text elementor-field-group elementor-column elementor-field-group-name elementor-col-33 elementor-field-required elementor-mark-required\">\n\t\t\t\t\t\t\t\t\t\t\t\t<label for=\"form-field-name\" class=\"elementor-field-label\">\n\t\t\t\t\t\t\t\tV\u0101rds\t\t\t\t\t\t\t<\/label>\n\t\t\t\t\t\t\t\t\t\t\t\t\t\t<input size=\"1\" type=\"text\" name=\"form_fields[name]\" id=\"form-field-name\" class=\"elementor-field elementor-size-md  elementor-field-textual\" placeholder=\"V\u0101rds\" required=\"required\" aria-required=\"true\">\n\t\t\t\t\t\t\t\t\t\t\t<\/div>\n\t\t\t\t\t\t\t\t<div class=\"elementor-field-type-email elementor-field-group elementor-column elementor-field-group-email elementor-col-33 elementor-field-required elementor-mark-required\">\n\t\t\t\t\t\t\t\t\t\t\t\t<label for=\"form-field-email\" class=\"elementor-field-label\">\n\t\t\t\t\t\t\t\tEmail\t\t\t\t\t\t\t<\/label>\n\t\t\t\t\t\t\t\t\t\t\t\t\t\t<input size=\"1\" type=\"email\" name=\"form_fields[email]\" id=\"form-field-email\" class=\"elementor-field elementor-size-md  elementor-field-textual\" placeholder=\"Email\" required=\"required\" aria-required=\"true\">\n\t\t\t\t\t\t\t\t\t\t\t<\/div>\n\t\t\t\t\t\t\t\t<div class=\"elementor-field-type-tel elementor-field-group elementor-column elementor-field-group-field_126ccab elementor-col-33\">\n\t\t\t\t\t\t\t\t\t\t\t\t<label for=\"form-field-field_126ccab\" class=\"elementor-field-label\">\n\t\t\t\t\t\t\t\tT\u0101lrunis\t\t\t\t\t\t\t<\/label>\n\t\t\t\t\t\t\t\t<input size=\"1\" type=\"tel\" name=\"form_fields[field_126ccab]\" id=\"form-field-field_126ccab\" class=\"elementor-field elementor-size-md  elementor-field-textual\" pattern=\"[0-9()#&amp;+*-=.]+\" title=\"Only numbers and phone characters (#, -, *, etc) are accepted.\">\n\n\t\t\t\t\t\t<\/div>\n\t\t\t\t\t\t\t\t<div class=\"elementor-field-type-text elementor-field-group elementor-column elementor-field-group-profession elementor-col-100 elementor-field-required elementor-mark-required\">\n\t\t\t\t\t\t\t\t\t\t\t\t<label for=\"form-field-profession\" class=\"elementor-field-label\">\n\t\t\t\t\t\t\t\tJ\u016bsu profesija\t\t\t\t\t\t\t<\/label>\n\t\t\t\t\t\t\t\t\t\t\t\t\t\t<input size=\"1\" type=\"text\" name=\"form_fields[profession]\" id=\"form-field-profession\" class=\"elementor-field elementor-size-md  elementor-field-textual\" placeholder=\"Zi\u0146a\" required=\"required\" aria-required=\"true\">\n\t\t\t\t\t\t\t\t\t\t\t<\/div>\n\t\t\t\t\t\t\t\t<div class=\"elementor-field-type-select elementor-field-group elementor-column elementor-field-group-scope elementor-col-50 elementor-field-type-select-multiple\">\n\t\t\t\t\t\t\t\t\t\t\t\t<label for=\"form-field-scope\" class=\"elementor-field-label\">\n\t\t\t\t\t\t\t\tDarba sf\u0113ra\t\t\t\t\t\t\t<\/label>\n\t\t\t\t\t\t\t\t<div class=\"elementor-field elementor-select-wrapper remove-before\">\n\t\t\t<div class=\"select-caret-down-wrapper\">\n\t\t\t\t\t\t\t<\/div>\n\t\t\t<select name=\"form_fields[scope][]\" id=\"form-field-scope\" class=\"elementor-field-textual elementor-size-md\" multiple=\"\" size=\"4\">\n\t\t\t\t\t\t\t\t\t<option value=\"Steel Structures Design &amp; Engineering\">Met\u0101la konstrukciju projekt\u0113\u0161ana<\/option>\n\t\t\t\t\t\t\t\t\t<option value=\"Steel Structures Production\">Met\u0101la konstrukciju ra\u017eo\u0161ana<\/option>\n\t\t\t\t\t\t\t\t\t<option value=\"Steel structures Painting\">Met\u0101la konstrukcijas Kr\u0101so\u0161ana<\/option>\n\t\t\t\t\t\t\t\t\t<option value=\"Steel structures Delivery\">Met\u0101la konstrukciju pieg\u0101de<\/option>\n\t\t\t\t\t\t\t\t\t<option value=\"Steel Structures Installation\">Met\u0101la konstrukciju uzst\u0101d\u012b\u0161ana<\/option>\n\t\t\t\t\t\t\t\t\t<option value=\"Non-destructive steel inspection\">Nesagraujo\u0161\u0101 met\u0101la p\u0101rbaudes<\/option>\n\t\t\t\t\t\t\t\t\t<option value=\"Metal shot blasting\">Met\u0101la str\u016bklas apstr\u0101de<\/option>\n\t\t\t\t\t\t\t\t\t<option value=\"Metal extensions &amp; drilling\">Met\u0101la pagarin\u0101\u0161ana un urb\u0161ana<\/option>\n\t\t\t\t\t\t\t\t\t<option value=\"Steel Plasma cutting\">Met\u0101la plazmas grie\u0161ana<\/option>\n\t\t\t\t\t\t\t\t\t<option value=\"Marketing\">M\u0101rketings<\/option>\n\t\t\t\t\t\t\t\t\t<option value=\"Other\">Cita<\/option>\n\t\t\t\t\t\t\t<\/select>\n\t\t<\/div>\n\t\t\t\t\t\t<\/div>\n\t\t\t\t\t\t\t\t<div class=\"elementor-field-type-textarea elementor-field-group elementor-column elementor-field-group-field_217ca34 elementor-col-50\">\n\t\t\t\t\t\t\t\t\t\t\t\t<label for=\"form-field-field_217ca34\" class=\"elementor-field-label\">\n\t\t\t\t\t\t\t\tZi\u0146a\t\t\t\t\t\t\t<\/label>\n\t\t\t\t\t\t<textarea class=\"elementor-field-textual elementor-field  elementor-size-md\" name=\"form_fields[field_217ca34]\" id=\"form-field-field_217ca34\" rows=\"4\" placeholder=\"Zi\u0146a\"><\/textarea>\t\t\t\t<\/div>\n\t\t\t\t\t\t\t\t<div class=\"elementor-field-type-upload elementor-field-group elementor-column elementor-field-group-field_326fc1e elementor-col-50 elementor-field-required elementor-mark-required\">\n\t\t\t\t\t\t\t\t\t\t\t\t<label for=\"form-field-field_326fc1e\" class=\"elementor-field-label\">\n\t\t\t\t\t\t\t\tCV\t\t\t\t\t\t\t<\/label>\n\t\t\t\t\t\t\t\t<input type=\"file\" name=\"form_fields[field_326fc1e]\" id=\"form-field-field_326fc1e\" class=\"elementor-field elementor-size-md  elementor-upload-field\" required=\"required\" aria-required=\"true\" data-maxsize=\"3\" data-maxsize-message=\"This file exceeds the maximum allowed size.\">\n\n\t\t\t\t\t\t<\/div>\n\t\t\t\t\t\t\t\t<div class=\"elementor-field-type-upload elementor-field-group elementor-column elementor-field-group-field_8e188ef elementor-col-50\">\n\t\t\t\t\t\t\t\t\t\t\t\t<label for=\"form-field-field_8e188ef\" class=\"elementor-field-label\">\n\t\t\t\t\t\t\t\tMotiv\u0101cijas v\u0113stule \t\t\t\t\t\t\t<\/label>\n\t\t\t\t\t\t\t\t<input type=\"file\" name=\"form_fields[field_8e188ef]\" id=\"form-field-field_8e188ef\" class=\"elementor-field elementor-size-md  elementor-upload-field\" data-maxsize=\"3\" data-maxsize-message=\"This file exceeds the maximum allowed size.\">\n\n\t\t\t\t\t\t<\/div>\n\t\t\t\t\t\t\t\t<div class=\"elementor-field-type-recaptcha elementor-field-group elementor-column elementor-field-group-field_2ffa98f elementor-col-100\">\n\t\t\t\t\t<div class=\"elementor-field\" id=\"form-field-field_2ffa98f\"><div class=\"elementor-g-recaptcha\" data-sitekey=\"6LcDvQMdAAAAALa7Lk09lswPxaHTKhWP9QT3xI2q\" data-type=\"v2_checkbox\" data-theme=\"light\" data-size=\"normal\"><\/div><\/div>\t\t\t\t<\/div>\n\t\t\t\t\t\t\t\t<div class=\"elementor-field-group elementor-column elementor-field-type-submit elementor-col-100 e-form__buttons\">\n\t\t\t\t\t<button class=\"elementor-button elementor-size-sm\" type=\"submit\">\n\t\t\t\t\t\t<span class=\"elementor-button-content-wrapper\">\n\t\t\t\t\t\t\t\t\t\t\t\t\t\t\t\t\t\t\t\t\t\t<span class=\"elementor-button-text\">Pieteikties<\/span>\n\t\t\t\t\t\t\t\t\t\t\t\t\t<\/span>\n\t\t\t\t\t<\/button>\n\t\t\t\t<\/div>\n\t\t\t<\/div>\n\t\t<input type=\"hidden\" name=\"trp-form-language\" value=\"lv\"\/><\/form>\n\t\t\t\t<\/div>\n\t\t\t\t<\/div>\n\t\t\t\t\t<\/div>\n\t\t<\/div>\n\t\t\t\t\t<\/div>\n\t\t<\/section>\n\t\t\t\t<\/div>","protected":false},"excerpt":{"rendered":"<p>Home Careers LS STEEL is in steady and measured growth and therefore we regularly need new specialists to enhance our cooperation. The following positions are currently open. Vacancy test. This is not a real vacancy for the company Submission form We are always interested in receiving CVs from potential employees. Fill in the form below [&hellip;]<\/p>","protected":false},"author":1,"featured_media":0,"parent":0,"menu_order":0,"comment_status":"closed","ping_status":"closed","template":"","meta":{"footnotes":""},"class_list":["post-2405","page","type-page","status-publish","hentry"],"acf":[],"_links":{"self":[{"href":"https:\/\/lssteel.lv\/lv\/wp-json\/wp\/v2\/pages\/2405","targetHints":{"allow":["GET"]}}],"collection":[{"href":"https:\/\/lssteel.lv\/lv\/wp-json\/wp\/v2\/pages"}],"about":[{"href":"https:\/\/lssteel.lv\/lv\/wp-json\/wp\/v2\/types\/page"}],"author":[{"embeddable":true,"href":"https:\/\/lssteel.lv\/lv\/wp-json\/wp\/v2\/users\/1"}],"replies":[{"embeddable":true,"href":"https:\/\/lssteel.lv\/lv\/wp-json\/wp\/v2\/comments?post=2405"}],"version-history":[{"count":0,"href":"https:\/\/lssteel.lv\/lv\/wp-json\/wp\/v2\/pages\/2405\/revisions"}],"wp:attachment":[{"href":"https:\/\/lssteel.lv\/lv\/wp-json\/wp\/v2\/media?parent=2405"}],"curies":[{"name":"wp","href":"https:\/\/api.w.org\/{rel}","templated":true}]}}